{"id":10986,"date":"2021-12-04T17:03:47","date_gmt":"2021-12-04T16:03:47","guid":{"rendered":"http:\/\/www.photoclubsavenay.com\/blogWP\/?page_id=10986"},"modified":"2023-11-18T10:52:01","modified_gmt":"2023-11-18T09:52:01","slug":"les-activites","status":"publish","type":"page","link":"http:\/\/www.photoclubsavenay.com\/blogWP\/les-activites\/","title":{"rendered":"Les activit\u00e9s"},"content":{"rendered":"\n<div class=\"wp-block-uagb-container uagb-block-df21a82d alignfull uagb-is-root-container\"><div class=\"uagb-container-inner-blocks-wrap\">\n<div class=\"wp-block-uagb-advanced-heading uagb-block-4d651eb8\"><h1 class=\"uagb-heading-text\">Les activit\u00e9s<\/h1><\/div>\n<\/div><\/div>\n\n\n\n<div class=\"wp-block-uagb-container uagb-block-9e672796 alignfull uagb-is-root-container\"><div class=\"uagb-container-inner-blocks-wrap\">\n<div class=\"wp-block-uagb-advanced-heading uagb-block-da068050\"><div class=\"uagb-separator\"><\/div><h2 class=\"uagb-heading-text\">Les soir\u00e9es et sorties<\/h2><\/div>\n\n\n\n<div class=\"wp-block-uagb-container uagb-block-bf0b854e alignfull uagb-is-root-container\"><div class=\"uagb-container-inner-blocks-wrap\">\n<div class=\"wp-block-uagb-container uagb-block-e7570c01\">\n<div class=\"wp-block-uagb-advanced-heading uagb-block-80b8e623\"><h3 class=\"uagb-heading-text\">Les soir\u00e9es d&#8217;analyses<\/h3><\/div>\n\n\n\n<div class=\"wp-block-uagb-advanced-heading uagb-block-ba9e3696\"><p class=\"uagb-heading-text\"><strong>Le premier mercredi du mois<\/strong> la s\u00e9ance est consacr\u00e9e \u00e0 l<strong>&#8216;analyse photo<\/strong>.&nbsp;Celles-ci sont soient projet\u00e9es sur \u00e9cran, soit visible sur&nbsp;tirage&nbsp;papier.<br><br>Les membres qui souhaitent avoir un avis sur leur photo am\u00e8nent <strong>leurs tirages ou une cl\u00e9&nbsp;USB<\/strong> .&nbsp;<br><br>Chaque membre pr\u00e9sent \u00e0 la s\u00e9ance \u00e0 la possibilit\u00e9 de s&#8217;exprimer, <strong>toujours avec bienveillance<\/strong>, afin de proposer les modifications qui pourraient \u00eatre apport\u00e9es \u00e0 la photo.<br><br><br><\/p><\/div>\n<\/div>\n\n\n\n<div class=\"wp-block-uagb-container uagb-block-1f0d0be0\">\n<div class=\"wp-block-uagb-advanced-heading uagb-block-af11cecd\"><h3 class=\"uagb-heading-text\">Nos sorties<\/h3><\/div>\n\n\n\n<div class=\"wp-block-uagb-advanced-heading uagb-block-2013f5a7\"><p class=\"uagb-heading-text\">Dans la bonne humeur et avec une envie de partage, les membres se retrouvent selon la m\u00e9t\u00e9o, le <strong>2e samedi du mois,<\/strong> lors d&#8217;<strong>une sortie<\/strong> . <br><br>Elles sont<strong> propos\u00e9es et organis\u00e9es par le p\u00f4le sortie<\/strong>. <br><br>Ces sorties offrent la <strong>possibilit\u00e9 de pratiquer<\/strong> une technique photographique diff\u00e9rente \u00e0 chaque fois, tout en <strong>b\u00e9n\u00e9ficiant de conseils<\/strong> de membres plus exp\u00e9riment\u00e9s.<br><br>Pour ceux qui le souhaitent, un <strong>travail d&#8217;edditing <\/strong>est ensuite effectu\u00e9 en vue d&#8217;une exposition .<\/p><\/div>\n<\/div>\n\n\n\n<div class=\"wp-block-uagb-container uagb-block-9b586966\">\n<div class=\"wp-block-uagb-advanced-heading uagb-block-c3bd8473\"><h3 class=\"uagb-heading-text\">Les soir\u00e9es concours interne<\/h3><\/div>\n\n\n\n<div class=\"wp-block-uagb-advanced-heading uagb-block-5ac80d6f\"><p class=\"uagb-heading-text\">Le <strong>3e jeudi<\/strong> du mois&nbsp;est consacr\u00e9 au&nbsp;<strong>concours interne<\/strong>.<br><br>Les th\u00e8mes sont d\u00e9finis g\u00e9n\u00e9ralement pour une ann\u00e9e. Ce petit&nbsp;<strong>challenge<\/strong>&nbsp;entre membres permet de&nbsp;<strong>sortir de sa zone de confort<\/strong>&nbsp;pour r\u00e9aliser une photo correspondant au th\u00e8me.<br>Les photos sont soient remont\u00e9es en amont sur le site&nbsp;Joom\u00e9o,&nbsp;soient&nbsp;imprim\u00e9es.<br>Le vendredi soir, les membres proc\u00e8dent au vote afin de&nbsp;<strong>d\u00e9terminer les 3 photos<\/strong>&nbsp;qui ont plus&nbsp;<strong>correspondu aux diff\u00e9rents crit\u00e8res recherch\u00e9s<\/strong>.<br><br>Vous pouvez retrouver&nbsp;<strong>les derniers concours<\/strong><\/p><\/div>\n<\/div>\n\n\n\n<div class=\"wp-block-uagb-container uagb-block-bbcefa3f\">\n<div class=\"wp-block-uagb-advanced-heading uagb-block-c59ff6b8\"><h3 class=\"uagb-heading-text\">Les soir\u00e9es techniques<\/h3><\/div>\n\n\n\n<div class=\"wp-block-uagb-advanced-heading uagb-block-71acb73a\"><p class=\"uagb-heading-text\"><strong>Le dernier vendredi du mois<\/strong> est g\u00e9n\u00e9ralement consacr\u00e9 \u00e0 des<strong> s\u00e9ances plus techniques.&nbsp;<\/strong><br><br>Les <strong>th\u00e8mes abord\u00e9s sont tr\u00e8s divers<\/strong> et reposent sur le volontariat, selon les disponibilit\u00e9s et l\u2019envie de ceux qui ont une comp\u00e9tence particuli\u00e8re.&nbsp;<br><br>Le contenu de ces formations varie donc d\u2019une ann\u00e9e sur l\u2019autre.&nbsp;<br><br>Les sujets abord\u00e9s peuvent toucher la <strong>technique et l&#8217;utilisation de son bo\u00eetier<\/strong>, l&#8217;ouverture, la focale&#8230;&nbsp;Mais \u00e9galement la<strong> pr\u00e9sentation d&#8217;auteurs<\/strong> et l&#8217;<strong>utilisation des logiciels de retouches<\/strong>.<\/p><\/div>\n<\/div>\n<\/div><\/div>\n\n\n\n<div class=\"wp-block-uagb-buttons uagb-buttons__outer-wrap uagb-btn__default-btn uagb-btn-tablet__default-btn uagb-btn-mobile__default-btn uagb-block-4c01efba\"><div class=\"uagb-buttons__wrap uagb-buttons-layout-wrap\">\n<div class=\"wp-block-uagb-buttons-child uagb-buttons__outer-wrap uagb-block-a5db9b28 wp-block-button\"><div class=\"uagb-button__wrapper\"><a class=\"uagb-buttons-repeater wp-block-button__link\" href=\"http:\/\/www.photoclubsavenay.com\/blogWP\/galeries\/\" onclick=\"return true;\" rel=\"follow noopener\" target=\"_self\"><div class=\"uagb-button__link\">D\u00e9couvrir les photos des derniers concours du mois<\/div><span class=\"uagb-button__icon uagb-button__icon-position-after\"><svg xmlns=\"https:\/\/www.w3.org\/2000\/svg\" viewBox=\"0 0 448 512\"><path d=\"M438.6 278.6l-160 160C272.4 444.9 264.2 448 256 448s-16.38-3.125-22.62-9.375c-12.5-12.5-12.5-32.75 0-45.25L338.8 288H32C14.33 288 .0016 273.7 .0016 256S14.33 224 32 224h306.8l-105.4-105.4c-12.5-12.5-12.5-32.75 0-45.25s32.75-12.5 45.25 0l160 160C451.1 245.9 451.1 266.1 438.6 278.6z\"><\/path><\/svg><\/span><\/a><\/div><\/div>\n<\/div><\/div>\n<\/div><\/div>\n\n\n\n<div class=\"wp-block-uagb-container uagb-block-24a13080 alignfull uagb-is-root-container\"><div class=\"uagb-container-inner-blocks-wrap\">\n<div class=\"wp-block-uagb-advanced-heading uagb-block-55f5c19c\"><div class=\"uagb-separator\"><\/div><h2 class=\"uagb-heading-text\">Nos expositions<\/h2><\/div>\n\n\n\n<div class=\"wp-block-uagb-advanced-heading uagb-block-8265a398\"><p class=\"uagb-heading-text\">Le club r\u00e9alise 3 expositions par an : Une en<strong> automne \u00e0 Savenay<\/strong> en novembre, une <strong>deuxi\u00e8me \u00e0 Campbon<\/strong> et une<strong> troisi\u00e8me au printemps \u00e0 Savenay <\/strong>de nouveau. Les dates de cette ann\u00e9e sont : du 05 au 20 Novembre \u00e0 SAVENAY, du <strong>8 au 16 Avril 2023<\/strong>&nbsp;\u00e0 la&nbsp;<strong>salle Garance<\/strong>, rue saint Victor \u00e0&nbsp;<strong>CAMPBON<\/strong> et du<strong> 3 au 11 Juin 2023<\/strong>&nbsp;au&nbsp;<strong>couvent des cordeliers<\/strong>, \u00e0&nbsp;<strong>SAVENAY<\/strong>.&nbsp;<\/p><\/div>\n\n\n\n<div class=\"wp-block-uagb-container uagb-block-f02fc397 alignfull uagb-is-root-container\"><div class=\"uagb-container-inner-blocks-wrap\">\n<div class=\"wp-block-uagb-container uagb-block-bb746eea\">\n<div class=\"wp-block-uagb-advanced-heading uagb-block-b13d3996\"><h2 class=\"uagb-heading-text\">Notre derni\u00e8re expo \u00e0 Savenay<\/h2><\/div>\n\n\n\n<figure class=\"wp-block-gallery has-nested-images columns-2 is-cropped uag-masonry uagb-block-b665185f wp-block-gallery-1 is-layout-flex wp-block-gallery-is-layout-flex\">\n<figure class=\"wp-block-image size-large\"><img loading=\"lazy\" decoding=\"async\" width=\"683\" height=\"1024\" src=\"https:\/\/www.photoclubsavenay.com\/blogWP\/wp-content\/uploads\/2023\/02\/WhatsApp-Image-2022-11-19-a-09.52.58-683x1024.jpg\" alt=\"\" class=\"wp-image-13031\" srcset=\"http:\/\/www.photoclubsavenay.com\/blogWP\/wp-content\/uploads\/2023\/02\/WhatsApp-Image-2022-11-19-a-09.52.58-683x1024.jpg 683w, http:\/\/www.photoclubsavenay.com\/blogWP\/wp-content\/uploads\/2023\/02\/WhatsApp-Image-2022-11-19-a-09.52.58-200x300.jpg 200w, http:\/\/www.photoclubsavenay.com\/blogWP\/wp-content\/uploads\/2023\/02\/WhatsApp-Image-2022-11-19-a-09.52.58-100x150.jpg 100w, http:\/\/www.photoclubsavenay.com\/blogWP\/wp-content\/uploads\/2023\/02\/WhatsApp-Image-2022-11-19-a-09.52.58.jpg 720w\" sizes=\"(max-width: 683px) 100vw, 683px\" \/><\/figure>\n\n\n\n<figure class=\"wp-block-image size-large\"><img loading=\"lazy\" decoding=\"async\" width=\"683\" height=\"1024\" src=\"https:\/\/www.photoclubsavenay.com\/blogWP\/wp-content\/uploads\/2023\/02\/WhatsApp-Image-2022-11-19-a-09.52.50-683x1024.jpg\" alt=\"\" class=\"wp-image-13030\" srcset=\"http:\/\/www.photoclubsavenay.com\/blogWP\/wp-content\/uploads\/2023\/02\/WhatsApp-Image-2022-11-19-a-09.52.50-683x1024.jpg 683w, http:\/\/www.photoclubsavenay.com\/blogWP\/wp-content\/uploads\/2023\/02\/WhatsApp-Image-2022-11-19-a-09.52.50-200x300.jpg 200w, http:\/\/www.photoclubsavenay.com\/blogWP\/wp-content\/uploads\/2023\/02\/WhatsApp-Image-2022-11-19-a-09.52.50-100x150.jpg 100w, http:\/\/www.photoclubsavenay.com\/blogWP\/wp-content\/uploads\/2023\/02\/WhatsApp-Image-2022-11-19-a-09.52.50.jpg 720w\" sizes=\"(max-width: 683px) 100vw, 683px\" \/><\/figure>\n\n\n\n<figure class=\"wp-block-image size-large\"><img loading=\"lazy\" decoding=\"async\" width=\"683\" height=\"1024\" src=\"https:\/\/www.photoclubsavenay.com\/blogWP\/wp-content\/uploads\/2023\/02\/WhatsApp-Image-2022-11-19-a-09.52.43-683x1024.jpg\" alt=\"\" class=\"wp-image-13029\" srcset=\"http:\/\/www.photoclubsavenay.com\/blogWP\/wp-content\/uploads\/2023\/02\/WhatsApp-Image-2022-11-19-a-09.52.43-683x1024.jpg 683w, http:\/\/www.photoclubsavenay.com\/blogWP\/wp-content\/uploads\/2023\/02\/WhatsApp-Image-2022-11-19-a-09.52.43-200x300.jpg 200w, http:\/\/www.photoclubsavenay.com\/blogWP\/wp-content\/uploads\/2023\/02\/WhatsApp-Image-2022-11-19-a-09.52.43-100x150.jpg 100w, http:\/\/www.photoclubsavenay.com\/blogWP\/wp-content\/uploads\/2023\/02\/WhatsApp-Image-2022-11-19-a-09.52.43.jpg 720w\" sizes=\"(max-width: 683px) 100vw, 683px\" \/><\/figure>\n\n\n\n<figure class=\"wp-block-image size-large\"><img loading=\"lazy\" decoding=\"async\" width=\"683\" height=\"1024\" src=\"https:\/\/www.photoclubsavenay.com\/blogWP\/wp-content\/uploads\/2023\/02\/WhatsApp-Image-2022-11-19-a-09.52.35-683x1024.jpg\" alt=\"\" class=\"wp-image-13028\" srcset=\"http:\/\/www.photoclubsavenay.com\/blogWP\/wp-content\/uploads\/2023\/02\/WhatsApp-Image-2022-11-19-a-09.52.35-683x1024.jpg 683w, http:\/\/www.photoclubsavenay.com\/blogWP\/wp-content\/uploads\/2023\/02\/WhatsApp-Image-2022-11-19-a-09.52.35-200x300.jpg 200w, http:\/\/www.photoclubsavenay.com\/blogWP\/wp-content\/uploads\/2023\/02\/WhatsApp-Image-2022-11-19-a-09.52.35-100x150.jpg 100w, http:\/\/www.photoclubsavenay.com\/blogWP\/wp-content\/uploads\/2023\/02\/WhatsApp-Image-2022-11-19-a-09.52.35.jpg 720w\" sizes=\"(max-width: 683px) 100vw, 683px\" \/><\/figure>\n<\/figure>\n<\/div>\n\n\n\n<div class=\"wp-block-uagb-container uagb-block-74b505ac\">\n<div class=\"wp-block-uagb-advanced-heading uagb-block-0227fbc4\"><h2 class=\"uagb-heading-text\">Notre derni\u00e8re expo \u00e0 Campbon<\/h2><\/div>\n\n\n\n<figure class=\"wp-block-gallery alignwide has-nested-images columns-2 is-cropped wp-block-gallery-2 is-layout-flex wp-block-gallery-is-layout-flex\">\n<figure class=\"wp-block-image size-full\"><img loading=\"lazy\" decoding=\"async\" width=\"720\" height=\"480\" src=\"http:\/\/www.photoclubsavenay.com\/blogWP\/wp-content\/uploads\/2023\/02\/DSCF1104.jpg\" alt=\"\" class=\"wp-image-13046\" srcset=\"http:\/\/www.photoclubsavenay.com\/blogWP\/wp-content\/uploads\/2023\/02\/DSCF1104.jpg 720w, http:\/\/www.photoclubsavenay.com\/blogWP\/wp-content\/uploads\/2023\/02\/DSCF1104-300x200.jpg 300w, http:\/\/www.photoclubsavenay.com\/blogWP\/wp-content\/uploads\/2023\/02\/DSCF1104-150x100.jpg 150w\" sizes=\"(max-width: 720px) 100vw, 720px\" \/><\/figure>\n\n\n\n<figure class=\"wp-block-image size-full\"><img loading=\"lazy\" decoding=\"async\" width=\"720\" height=\"478\" src=\"http:\/\/www.photoclubsavenay.com\/blogWP\/wp-content\/uploads\/2023\/02\/DSCF1110.jpg\" alt=\"\" class=\"wp-image-13045\" srcset=\"http:\/\/www.photoclubsavenay.com\/blogWP\/wp-content\/uploads\/2023\/02\/DSCF1110.jpg 720w, http:\/\/www.photoclubsavenay.com\/blogWP\/wp-content\/uploads\/2023\/02\/DSCF1110-300x199.jpg 300w, http:\/\/www.photoclubsavenay.com\/blogWP\/wp-content\/uploads\/2023\/02\/DSCF1110-150x100.jpg 150w\" sizes=\"(max-width: 720px) 100vw, 720px\" \/><\/figure>\n\n\n\n<figure class=\"wp-block-image size-large\"><img loading=\"lazy\" decoding=\"async\" width=\"1024\" height=\"680\" src=\"https:\/\/www.photoclubsavenay.com\/blogWP\/wp-content\/uploads\/2023\/02\/DSCF1116-1024x680.jpg\" alt=\"\" class=\"wp-image-12937\" srcset=\"http:\/\/www.photoclubsavenay.com\/blogWP\/wp-content\/uploads\/2023\/02\/DSCF1116-1024x680.jpg 1024w, http:\/\/www.photoclubsavenay.com\/blogWP\/wp-content\/uploads\/2023\/02\/DSCF1116-300x199.jpg 300w, http:\/\/www.photoclubsavenay.com\/blogWP\/wp-content\/uploads\/2023\/02\/DSCF1116-150x100.jpg 150w, http:\/\/www.photoclubsavenay.com\/blogWP\/wp-content\/uploads\/2023\/02\/DSCF1116-768x510.jpg 768w, http:\/\/www.photoclubsavenay.com\/blogWP\/wp-content\/uploads\/2023\/02\/DSCF1116.jpg 1080w\" sizes=\"(max-width: 1024px) 100vw, 1024px\" \/><\/figure>\n\n\n\n<figure class=\"wp-block-image size-large\"><img loading=\"lazy\" decoding=\"async\" width=\"1024\" height=\"680\" src=\"https:\/\/www.photoclubsavenay.com\/blogWP\/wp-content\/uploads\/2023\/02\/DSCF1118-1024x680.jpg\" alt=\"\" class=\"wp-image-12936\" srcset=\"http:\/\/www.photoclubsavenay.com\/blogWP\/wp-content\/uploads\/2023\/02\/DSCF1118-1024x680.jpg 1024w, http:\/\/www.photoclubsavenay.com\/blogWP\/wp-content\/uploads\/2023\/02\/DSCF1118-300x199.jpg 300w, http:\/\/www.photoclubsavenay.com\/blogWP\/wp-content\/uploads\/2023\/02\/DSCF1118-150x100.jpg 150w, http:\/\/www.photoclubsavenay.com\/blogWP\/wp-content\/uploads\/2023\/02\/DSCF1118-768x510.jpg 768w, http:\/\/www.photoclubsavenay.com\/blogWP\/wp-content\/uploads\/2023\/02\/DSCF1118.jpg 1080w\" sizes=\"(max-width: 1024px) 100vw, 1024px\" \/><\/figure>\n<\/figure>\n<\/div>\n<\/div><\/div>\n<\/div><\/div>\n","protected":false},"excerpt":{"rendered":"<p>Les activit\u00e9s Les soir\u00e9es et sorties Les soir\u00e9es d&#8217;analyses Le premier mercredi du mois la s\u00e9ance est consacr\u00e9e \u00e0 l&#8216;analyse photo.&nbsp;Celles-ci sont soient projet\u00e9es sur \u00e9cran, soit visible sur&nbsp;tirage&nbsp;papier. Les membres qui souhaitent avoir un avis sur leur photo am\u00e8nent leurs tirages ou une cl\u00e9&nbsp;USB .&nbsp; Chaque membre pr\u00e9sent \u00e0 la s\u00e9ance \u00e0 la possibilit\u00e9 [&hellip;]<\/p>\n","protected":false},"author":482,"featured_media":0,"parent":0,"menu_order":0,"comment_status":"closed","ping_status":"closed","template":"","meta":{"_uag_custom_page_level_css":"","site-sidebar-layout":"no-sidebar","site-content-layout":"page-builder","ast-site-content-layout":"full-width-container","site-content-style":"unboxed","site-sidebar-style":"unboxed","ast-global-header-display":"","ast-banner-title-visibility":"","ast-main-header-display":"","ast-hfb-above-header-display":"","ast-hfb-below-header-display":"","ast-hfb-mobile-header-display":"","site-post-title":"disabled","ast-breadcrumbs-content":"","ast-featured-img":"disabled","footer-sml-layout":"","ast-disable-related-posts":"","theme-transparent-header-meta":"enabled","adv-header-id-meta":"","stick-header-meta":"","header-above-stick-meta":"","header-main-stick-meta":"","header-below-stick-meta":"","astra-migrate-meta-layouts":"set","ast-page-background-enabled":"default","ast-page-background-meta":{"desktop":{"background-color":"","background-image":"","background-repeat":"repeat","background-position":"center center","background-size":"auto","background-attachment":"scroll","background-type":"","background-media":"","overlay-type":"","overlay-color":"","overlay-opacity":"","overlay-gradient":""},"tablet":{"background-color":"","background-image":"","background-repeat":"repeat","background-position":"center center","background-size":"auto","background-attachment":"scroll","background-type":"","background-media":"","overlay-type":"","overlay-color":"","overlay-opacity":"","overlay-gradient":""},"mobile":{"background-color":"","background-image":"","background-repeat":"repeat","background-position":"center center","background-size":"auto","background-attachment":"scroll","background-type":"","background-media":"","overlay-type":"","overlay-color":"","overlay-opacity":"","overlay-gradient":""}},"ast-content-background-meta":{"desktop":{"background-color":"var(--ast-global-color-5)","background-image":"","background-repeat":"repeat","background-position":"center center","background-size":"auto","background-attachment":"scroll","background-type":"","background-media":"","overlay-type":"","overlay-color":"","overlay-opacity":"","overlay-gradient":""},"tablet":{"background-color":"var(--ast-global-color-5)","background-image":"","background-repeat":"repeat","background-position":"center center","background-size":"auto","background-attachment":"scroll","background-type":"","background-media":"","overlay-type":"","overlay-color":"","overlay-opacity":"","overlay-gradient":""},"mobile":{"background-color":"var(--ast-global-color-5)","background-image":"","background-repeat":"repeat","background-position":"center center","background-size":"auto","background-attachment":"scroll","background-type":"","background-media":"","overlay-type":"","overlay-color":"","overlay-opacity":"","overlay-gradient":""}},"cybocfi_hide_featured_image":"","footnotes":""},"class_list":["post-10986","page","type-page","status-publish","hentry"],"uagb_featured_image_src":{"full":false,"thumbnail":false,"medium":false,"medium_large":false,"large":false,"1536x1536":false,"2048x2048":false},"uagb_author_info":{"display_name":"PhotoClub Savenay","author_link":"http:\/\/www.photoclubsavenay.com\/blogWP\/author\/photoclubsavenay\/"},"uagb_comment_info":0,"uagb_excerpt":"Les activit\u00e9s Les soir\u00e9es et sorties Les soir\u00e9es d&#8217;analyses Le premier mercredi du mois la s\u00e9ance est consacr\u00e9e \u00e0 l&#8216;analyse photo.&nbsp;Celles-ci sont soient projet\u00e9es sur \u00e9cran, soit visible sur&nbsp;tirage&nbsp;papier. Les membres qui souhaitent avoir un avis sur leur photo am\u00e8nent leurs tirages ou une cl\u00e9&nbsp;USB .&nbsp; Chaque membre pr\u00e9sent \u00e0 la s\u00e9ance \u00e0 la possibilit\u00e9\u2026","_links":{"self":[{"href":"http:\/\/www.photoclubsavenay.com\/blogWP\/wp-json\/wp\/v2\/pages\/10986"}],"collection":[{"href":"http:\/\/www.photoclubsavenay.com\/blogWP\/wp-json\/wp\/v2\/pages"}],"about":[{"href":"http:\/\/www.photoclubsavenay.com\/blogWP\/wp-json\/wp\/v2\/types\/page"}],"author":[{"embeddable":true,"href":"http:\/\/www.photoclubsavenay.com\/blogWP\/wp-json\/wp\/v2\/users\/482"}],"replies":[{"embeddable":true,"href":"http:\/\/www.photoclubsavenay.com\/blogWP\/wp-json\/wp\/v2\/comments?post=10986"}],"version-history":[{"count":0,"href":"http:\/\/www.photoclubsavenay.com\/blogWP\/wp-json\/wp\/v2\/pages\/10986\/revisions"}],"wp:attachment":[{"href":"http:\/\/www.photoclubsavenay.com\/blogWP\/wp-json\/wp\/v2\/media?parent=10986"}],"curies":[{"name":"wp","href":"https:\/\/api.w.org\/{rel}","templated":true}]}}