{"id":8,"date":"2018-10-04T06:18:10","date_gmt":"2018-10-04T04:18:10","guid":{"rendered":"http:\/\/www.photoclubsavenay.com\/blogWP\/about\/"},"modified":"2023-11-18T10:36:17","modified_gmt":"2023-11-18T09:36:17","slug":"le-club","status":"publish","type":"page","link":"https:\/\/www.photoclubsavenay.com\/blogWP\/le-club\/","title":{"rendered":"Le club"},"content":{"rendered":"\n<div class=\"wp-block-uagb-container uagb-block-4b084fbf alignfull uagb-is-root-container\"><div class=\"uagb-container-inner-blocks-wrap\">\n<div class=\"wp-block-uagb-advanced-heading uagb-block-316aa7e6\"><h1 class=\"uagb-heading-text\">Le club<\/h1><\/div>\n<\/div><\/div>\n\n\n\n<div class=\"wp-block-uagb-container uagb-block-401ae5af alignfull uagb-is-root-container\"><div class=\"uagb-container-inner-blocks-wrap\">\n<div class=\"wp-block-uagb-container uagb-block-951a527b alignfull uagb-is-root-container\"><div class=\"uagb-container-inner-blocks-wrap\">\n<div class=\"wp-block-uagb-advanced-heading uagb-block-f7e05511\"><div class=\"uagb-separator\"><\/div><h2 class=\"uagb-heading-text\">L&#8217;histoire du club <\/h2><\/div>\n<\/div><\/div>\n\n\n\n<div class=\"wp-block-uagb-container uagb-block-02718726 alignfull uagb-is-root-container\"><div class=\"uagb-container-inner-blocks-wrap\">\n<div class=\"wp-block-uagb-container uagb-block-5bf1e64e\">\n<div class=\"wp-block-uagb-advanced-heading uagb-block-8897321f\"><p class=\"uagb-heading-text\">Le club a \u00e9t\u00e9 cr\u00e9\u00e9 en novembre 1981, il organise plusieurs <strong>expositions annuelles<\/strong> sur le canton. Actuellement environ <strong>40 adh\u00e9rents<\/strong> fr\u00e9quentent le photo club.<br><br><em>Texte en construction<\/em><\/p><\/div>\n<\/div>\n\n\n\n<div class=\"wp-block-uagb-container uagb-block-9c5d43d2\">\n<figure class=\"wp-block-image\"><img decoding=\"async\" src=\"http:\/\/www.photoclubsavenay.com\/blogWP\/wp-content\/uploads\/2021\/11\/IMG_9952-allegee-1024x683-1.jpg\" alt=\"\"\/><\/figure>\n<\/div>\n<\/div><\/div>\n<\/div><\/div>\n\n\n\n<div class=\"wp-block-uagb-container uagb-block-2293e6b3 alignfull uagb-is-root-container\"><div class=\"uagb-container-inner-blocks-wrap\">\n<div class=\"wp-block-uagb-container uagb-block-2ddfff9a alignfull uagb-is-root-container\"><div class=\"uagb-container-inner-blocks-wrap\">\n<div class=\"wp-block-uagb-advanced-heading uagb-block-fa5e5dd3\"><div class=\"uagb-separator\"><\/div><h2 class=\"uagb-heading-text\">La team du conseil d&#8217;administration<\/h2><\/div>\n\n\n\n<div class=\"wp-block-uagb-advanced-heading uagb-block-7255338f\"><p class=\"uagb-heading-text\">Cette ann\u00e9e, en plus des membres du conseil d&#8217;administration, des r\u00e9f\u00e9rents par domaine sont nomm\u00e9s  pour facilit\u00e9 la gestion du club<\/p><\/div>\n<\/div><\/div>\n<\/div><\/div>\n\n\n\n<div class=\"wp-block-uagb-container uagb-block-8a835c57 alignfull uagb-is-root-container\"><div class=\"uagb-container-inner-blocks-wrap\">\n<div class=\"wp-block-uagb-container uagb-block-154387a8 alignfull uagb-is-root-container\"><div class=\"uagb-container-inner-blocks-wrap\">\n<div class=\"wp-block-uagb-container uagb-block-42c3b97c\">\n<div class=\"wp-block-uagb-team uagb-team__image-position-above uagb-team__align-center uagb-team__stack-tablet uagb-block-1ccefe00\"><div class=\"uagb-team__content\"><h3 class=\"uagb-team__title\">Fran\u00e7ois Judic<\/h3><span class=\"uagb-team__prefix\">Pr\u00e9sident<\/span><p class=\"uagb-team__desc\"><\/p><\/div><\/div>\n<\/div>\n\n\n\n<div class=\"wp-block-uagb-container uagb-block-a74ac6b2\">\n<div class=\"wp-block-uagb-team uagb-team__image-position-above uagb-team__align-center uagb-team__stack-tablet uagb-block-296d973c\"><div class=\"uagb-team__content\"><h3 class=\"uagb-team__title\">Adeline Burban<\/h3><span class=\"uagb-team__prefix\">Vice-pr\u00e9sidente<\/span><p class=\"uagb-team__desc\"><\/p><\/div><\/div>\n<\/div>\n<\/div><\/div>\n\n\n\n<div class=\"wp-block-uagb-container uagb-block-2fc1b278 alignfull uagb-is-root-container\"><div class=\"uagb-container-inner-blocks-wrap\">\n<div class=\"wp-block-uagb-container uagb-block-e94d5200\">\n<div class=\"wp-block-uagb-team uagb-team__image-position-above uagb-team__align-center uagb-team__stack-tablet uagb-block-6748a7b6\"><div class=\"uagb-team__content\"><h3 class=\"uagb-team__title\">Laurence Legrand<\/h3><span class=\"uagb-team__prefix\">Tr\u00e9sori\u00e8re<\/span><p class=\"uagb-team__desc\"><\/p><\/div><\/div>\n<\/div>\n\n\n\n<div class=\"wp-block-uagb-container uagb-block-9d64a06d\">\n<div class=\"wp-block-uagb-team uagb-team__image-position-above uagb-team__align-center uagb-team__stack-tablet uagb-block-d7cf6d07\"><div class=\"uagb-team__content\"><h3 class=\"uagb-team__title\">Evelyne Grossman<\/h3><span class=\"uagb-team__prefix\">Tr\u00e9sori\u00e8re adjointe<\/span><p class=\"uagb-team__desc\"><\/p><\/div><\/div>\n<\/div>\n\n\n\n<div class=\"wp-block-uagb-container uagb-block-212ece8d\">\n<div class=\"wp-block-uagb-team uagb-team__image-position-above uagb-team__align-center uagb-team__stack-tablet uagb-block-905f16dd\"><div class=\"uagb-team__content\"><h3 class=\"uagb-team__title\">Martine Potier<\/h3><span class=\"uagb-team__prefix\">Secr\u00e9taire <\/span><p class=\"uagb-team__desc\"><\/p><\/div><\/div>\n<\/div>\n<\/div><\/div>\n\n\n\n<div class=\"wp-block-uagb-container uagb-block-7bd1b2a3 alignfull uagb-is-root-container\"><div class=\"uagb-container-inner-blocks-wrap\">\n<div class=\"wp-block-uagb-container uagb-block-35bbcb5f\">\n<div class=\"wp-block-uagb-team uagb-team__image-position-above uagb-team__align-center uagb-team__stack-tablet uagb-block-45d5c715\"><div class=\"uagb-team__content\"><h3 class=\"uagb-team__title\">Thierry M\u00e9noret<\/h3><span class=\"uagb-team__prefix\">Secr\u00e9taire adjoint<\/span><p class=\"uagb-team__desc\"><\/p><\/div><\/div>\n<\/div>\n\n\n\n<div class=\"wp-block-uagb-container uagb-block-99ba3c66\">\n<div class=\"wp-block-uagb-team uagb-team__image-position-above uagb-team__align-center uagb-team__stack-tablet uagb-block-09cc0cc2\"><div class=\"uagb-team__content\"><h3 class=\"uagb-team__title\">Alain Jarnoux<\/h3><span class=\"uagb-team__prefix\">Membre- R\u00e9f\u00e9rent espace Joom\u00e9o<\/span><p class=\"uagb-team__desc\"><\/p><\/div><\/div>\n<\/div>\n\n\n\n<div class=\"wp-block-uagb-container uagb-block-01562d1c\">\n<div class=\"wp-block-uagb-team uagb-team__image-position-above uagb-team__align-center uagb-team__stack-tablet uagb-block-56f459c1\"><div class=\"uagb-team__content\"><h3 class=\"uagb-team__title\">Alain Le Sao\u00fbt<\/h3><span class=\"uagb-team__prefix\">Membre- <\/span><p class=\"uagb-team__desc\"><\/p><\/div><\/div>\n<\/div>\n<\/div><\/div>\n\n\n\n<div class=\"wp-block-uagb-container uagb-block-a0a409a8 alignfull uagb-is-root-container\"><div class=\"uagb-container-inner-blocks-wrap\">\n<div class=\"wp-block-uagb-container uagb-block-3ce85938\">\n<div class=\"wp-block-uagb-team uagb-team__image-position-above uagb-team__align-center uagb-team__stack-tablet uagb-block-c81ccdeb\"><div class=\"uagb-team__content\"><h3 class=\"uagb-team__title\">Jean-Paul Leroux<\/h3><span class=\"uagb-team__prefix\">Membre- Correspondant LAP<\/span><p class=\"uagb-team__desc\"><\/p><\/div><\/div>\n<\/div>\n\n\n\n<div class=\"wp-block-uagb-container uagb-block-5fd21578\">\n<div class=\"wp-block-uagb-team uagb-team__image-position-above uagb-team__align-center uagb-team__stack-tablet uagb-block-9b9a3c14\"><div class=\"uagb-team__content\"><h3 class=\"uagb-team__title\">Fran\u00e7is Grignon<\/h3><span class=\"uagb-team__prefix\">Membre- R\u00e9f\u00e9rent relations publiques<\/span><p class=\"uagb-team__desc\"><\/p><\/div><\/div>\n<\/div>\n<\/div><\/div>\n<\/div><\/div>\n","protected":false},"excerpt":{"rendered":"<p>Le club L&#8217;histoire du club Le club a \u00e9t\u00e9 cr\u00e9\u00e9 en novembre 1981, il organise plusieurs expositions annuelles sur le canton. Actuellement environ 40 adh\u00e9rents fr\u00e9quentent le photo club. Texte en construction La team du conseil d&#8217;administration Cette ann\u00e9e, en plus des membres du conseil d&#8217;administration, des r\u00e9f\u00e9rents par domaine sont nomm\u00e9s pour facilit\u00e9 la [&hellip;]<\/p>\n","protected":false},"author":482,"featured_media":0,"parent":0,"menu_order":0,"comment_status":"closed","ping_status":"closed","template":"","meta":{"_uag_custom_page_level_css":"","site-sidebar-layout":"no-sidebar","site-content-layout":"page-builder","ast-site-content-layout":"full-width-container","site-content-style":"unboxed","site-sidebar-style":"unboxed","ast-global-header-display":"","ast-banner-title-visibility":"","ast-main-header-display":"","ast-hfb-above-header-display":"","ast-hfb-below-header-display":"","ast-hfb-mobile-header-display":"","site-post-title":"disabled","ast-breadcrumbs-content":"","ast-featured-img":"disabled","footer-sml-layout":"","ast-disable-related-posts":"","theme-transparent-header-meta":"enabled","adv-header-id-meta":"","stick-header-meta":"","header-above-stick-meta":"","header-main-stick-meta":"","header-below-stick-meta":"","astra-migrate-meta-layouts":"set","ast-page-background-enabled":"default","ast-page-background-meta":{"desktop":{"background-color":"","background-image":"","background-repeat":"repeat","background-position":"center center","background-size":"auto","background-attachment":"scroll","background-type":"","background-media":"","overlay-type":"","overlay-color":"","overlay-opacity":"","overlay-gradient":""},"tablet":{"background-color":"","background-image":"","background-repeat":"repeat","background-position":"center center","background-size":"auto","background-attachment":"scroll","background-type":"","background-media":"","overlay-type":"","overlay-color":"","overlay-opacity":"","overlay-gradient":""},"mobile":{"background-color":"","background-image":"","background-repeat":"repeat","background-position":"center center","background-size":"auto","background-attachment":"scroll","background-type":"","background-media":"","overlay-type":"","overlay-color":"","overlay-opacity":"","overlay-gradient":""}},"ast-content-background-meta":{"desktop":{"background-color":"var(--ast-global-color-5)","background-image":"","background-repeat":"repeat","background-position":"center center","background-size":"auto","background-attachment":"scroll","background-type":"","background-media":"","overlay-type":"","overlay-color":"","overlay-opacity":"","overlay-gradient":""},"tablet":{"background-color":"var(--ast-global-color-5)","background-image":"","background-repeat":"repeat","background-position":"center center","background-size":"auto","background-attachment":"scroll","background-type":"","background-media":"","overlay-type":"","overlay-color":"","overlay-opacity":"","overlay-gradient":""},"mobile":{"background-color":"var(--ast-global-color-5)","background-image":"","background-repeat":"repeat","background-position":"center center","background-size":"auto","background-attachment":"scroll","background-type":"","background-media":"","overlay-type":"","overlay-color":"","overlay-opacity":"","overlay-gradient":""}},"cybocfi_hide_featured_image":"","footnotes":""},"class_list":["post-8","page","type-page","status-publish","hentry"],"uagb_featured_image_src":{"full":false,"thumbnail":false,"medium":false,"medium_large":false,"large":false,"1536x1536":false,"2048x2048":false},"uagb_author_info":{"display_name":"PhotoClub Savenay","author_link":"https:\/\/www.photoclubsavenay.com\/blogWP\/author\/photoclubsavenay\/"},"uagb_comment_info":0,"uagb_excerpt":"Le club L&#8217;histoire du club Le club a \u00e9t\u00e9 cr\u00e9\u00e9 en novembre 1981, il organise plusieurs expositions annuelles sur le canton. Actuellement environ 40 adh\u00e9rents fr\u00e9quentent le photo club. Texte en construction La team du conseil d&#8217;administration Cette ann\u00e9e, en plus des membres du conseil d&#8217;administration, des r\u00e9f\u00e9rents par domaine sont nomm\u00e9s pour facilit\u00e9 la\u2026","_links":{"self":[{"href":"https:\/\/www.photoclubsavenay.com\/blogWP\/wp-json\/wp\/v2\/pages\/8"}],"collection":[{"href":"https:\/\/www.photoclubsavenay.com\/blogWP\/wp-json\/wp\/v2\/pages"}],"about":[{"href":"https:\/\/www.photoclubsavenay.com\/blogWP\/wp-json\/wp\/v2\/types\/page"}],"author":[{"embeddable":true,"href":"https:\/\/www.photoclubsavenay.com\/blogWP\/wp-json\/wp\/v2\/users\/482"}],"replies":[{"embeddable":true,"href":"https:\/\/www.photoclubsavenay.com\/blogWP\/wp-json\/wp\/v2\/comments?post=8"}],"version-history":[{"count":0,"href":"https:\/\/www.photoclubsavenay.com\/blogWP\/wp-json\/wp\/v2\/pages\/8\/revisions"}],"wp:attachment":[{"href":"https:\/\/www.photoclubsavenay.com\/blogWP\/wp-json\/wp\/v2\/media?parent=8"}],"curies":[{"name":"wp","href":"https:\/\/api.w.org\/{rel}","templated":true}]}}